{"id":5087,"date":"2023-01-29T17:17:34","date_gmt":"2023-01-29T23:17:34","guid":{"rendered":"https:\/\/maquilaplastico.com\/?page_id=5087"},"modified":"2023-01-29T17:19:07","modified_gmt":"2023-01-29T23:19:07","slug":"politica-de-privacidad","status":"publish","type":"page","link":"https:\/\/maquilaplastico.com\/en\/politica-de-privacidad\/","title":{"rendered":"Privacy Policy"},"content":{"rendered":"<div data-elementor-type=\"wp-page\" data-elementor-id=\"5087\" class=\"elementor elementor-5087\">\n\t\t\t\t\t\t<section class=\"elementor-section elementor-top-section elementor-element elementor-element-78b47bc4 elementor-section-boxed elementor-section-height-default elementor-section-height-default\" data-id=\"78b47bc4\" data-element_type=\"section\">\n\t\t\t\t\t\t<div class=\"elementor-container elementor-column-gap-default\">\n\t\t\t\t\t<div class=\"elementor-column elementor-col-100 elementor-top-column elementor-element elementor-element-6221492b ot-flex-column-vertical\" data-id=\"6221492b\" data-element_type=\"column\">\n\t\t\t<div class=\"elementor-widget-wrap elementor-element-populated\">\n\t\t\t\t\t\t<div class=\"elementor-element elementor-element-3381c053 elementor-widget elementor-widget-text-editor\" data-id=\"3381c053\" data-element_type=\"widget\" data-widget_type=\"text-editor.default\">\n\t\t\t\t<div class=\"elementor-widget-container\">\n\t\t\t\t\t\t\t\t\t\n<p><strong>The person responsible for the protection of your information<\/strong><\/p>\n\n\n\n<p>The website \"maquilaplastico.com\" is managed by the corporate name of GM Manufacturer of Mexico with RFC GMM200701T68 and address at Amado Nervo 499, Las Liebres, San Pedro Tlaquepaque, Jalisco.<\/p>\n\n\n\n<p>The privacy of our visitors is extremely important to us. This privacy policy document describes the types of personal information maquilaplastico.com receives and collects and how it is used.<\/p>\n\n\n\n<p><strong>Log files<\/strong><\/p>\n\n\n\n<p>Like many other websites, maquilaplastico.com makes use of log files. Information within log files includes Internet Protocol (IP) addresses, browser type, Internet Service Provider (ISP), date\/time stamp, referring\/exit pages, and number of clicks to analyze trends, administer the site, track user movement around the site, and gather demographic information. IP addresses and other similar information are not linked to any information that is personally identifiable.<\/p>\n\n\n\n<p><strong>Cookies and Web Beacons<\/strong><\/p>\n\n\n\n<p>Maquilaplastico.com utiliza cookies para almacenar informaci\u00f3n sobre las preferencias de los visitantes, registrar informaci\u00f3n espec\u00edfica del usuario en qu\u00e9 p\u00e1ginas accede o visita el usuario, personaliza el contenido de la p\u00e1gina web seg\u00fan el tipo de navegador de los visitantes u otra informaci\u00f3n que el visitante env\u00eda a trav\u00e9s de su navegador.<\/p>\n\n\n\n<p><strong>DoubleClick DART Cookie<\/strong><\/p>\n\n\n\n<p>Google, as an external provider, uses cookies to publish ads on maquilaplastico.com.<\/p>\n\n\n\n<p>Google's use of the DART cookie allows it to serve ads to users based on their visit to maquilaplastico.com and other sites on the Internet. Users can opt out of the use of the DART cookie by visiting the Google ad and content network privacy policy at the following URL: https:\/\/www.google.com\/policies\/privacy\/.<\/p>\n\n\n\n<p>These third party ad servers or ad networks use technology to send the ads and links that appear on maquilaplastico.com directly to your browsers. They automatically receive your IP address when this occurs. Third party ad networks may also use other technologies (such as cookies, JavaScript, or web beacons) to measure the effectiveness of their advertisements and\/or personalize the advertising content you see.<\/p>\n\n\n\n<p>Maquilaplastico.com does not have access to or control over these cookies that are used by third-party advertisers.<\/p>\n\n\n\n<p>You should consult the respective privacy policies of these third-party ad servers for more detailed information about their practices, as well as for instructions on how to opt-out of certain practices. maquilaplastico.com's privacy policy does not apply to, and we cannot control the activities of, such other advertisers or web sites.<\/p>\n\n\n\n<p>If you wish to disable cookies, you may do so through your individual browser options. More detailed information on managing cookies with specific web browsers can be found on the browser's respective websites.<\/p>\n\t\t\t\t\t\t\t\t<\/div>\n\t\t\t\t<\/div>\n\t\t\t\t\t<\/div>\n\t\t<\/div>\n\t\t\t\t\t<\/div>\n\t\t<\/section>\n\t\t\t\t<\/div>","protected":false},"excerpt":{"rendered":"<p>Responsable de la protecci\u00f3n de su informaci\u00f3n La p\u00e1gina web &#8220;maquilaplastico.com\u201d es administrada por la denominaci\u00f3n social de GM Manufacturer de M\u00e9xico con el RFC GMM200701T68 y direcci\u00f3n en Amado Nervo 499, Las Liebres, San Pedro Tlaquepaque, Jalisco. La privacidad de nuestros visitantes es de extrema importancia para nosotros. Este documento de pol\u00edtica de privacidad [&hellip;]<\/p>","protected":false},"author":1,"featured_media":0,"parent":0,"menu_order":0,"comment_status":"closed","ping_status":"closed","template":"","meta":{"footnotes":""},"class_list":["post-5087","page","type-page","status-publish","hentry"],"yoast_head":"<!-- This site is optimized with the Yoast SEO plugin v25.3 - https:\/\/yoast.com\/wordpress\/plugins\/seo\/ -->\n<title>Pol\u00edtica de privacidad - Maquiplast<\/title>\n<meta name=\"robots\" content=\"index, follow, max-snippet:-1, max-image-preview:large, max-video-preview:-1\" \/>\n<link rel=\"canonical\" href=\"https:\/\/maquilaplastico.com\/en\/politica-de-privacidad\/\" \/>\n<meta property=\"og:locale\" content=\"en_US\" \/>\n<meta property=\"og:type\" content=\"article\" \/>\n<meta property=\"og:title\" content=\"Pol\u00edtica de privacidad - Maquiplast\" \/>\n<meta property=\"og:description\" content=\"Responsable de la protecci\u00f3n de su informaci\u00f3n La p\u00e1gina web &#8220;maquilaplastico.com\u201d es administrada por la denominaci\u00f3n social de GM Manufacturer de M\u00e9xico con el RFC GMM200701T68 y direcci\u00f3n en Amado Nervo 499, Las Liebres, San Pedro Tlaquepaque, Jalisco. La privacidad de nuestros visitantes es de extrema importancia para nosotros. Este documento de pol\u00edtica de privacidad [&hellip;]\" \/>\n<meta property=\"og:url\" content=\"https:\/\/maquilaplastico.com\/en\/politica-de-privacidad\/\" \/>\n<meta property=\"og:site_name\" content=\"Maquiplast\" \/>\n<meta property=\"article:publisher\" content=\"https:\/\/www.facebook.com\/gmpowerjet\/\" \/>\n<meta property=\"article:modified_time\" content=\"2023-01-29T23:19:07+00:00\" \/>\n<meta name=\"twitter:card\" content=\"summary_large_image\" \/>\n<meta name=\"twitter:label1\" content=\"Est. reading time\" \/>\n\t<meta name=\"twitter:data1\" content=\"3 minutes\" \/>\n<script type=\"application\/ld+json\" class=\"yoast-schema-graph\">{\"@context\":\"https:\/\/schema.org\",\"@graph\":[{\"@type\":\"WebPage\",\"@id\":\"https:\/\/maquilaplastico.com\/politica-de-privacidad\/\",\"url\":\"https:\/\/maquilaplastico.com\/politica-de-privacidad\/\",\"name\":\"Pol\u00edtica de privacidad - Maquiplast\",\"isPartOf\":{\"@id\":\"https:\/\/maquilaplastico.com\/#website\"},\"datePublished\":\"2023-01-29T23:17:34+00:00\",\"dateModified\":\"2023-01-29T23:19:07+00:00\",\"breadcrumb\":{\"@id\":\"https:\/\/maquilaplastico.com\/politica-de-privacidad\/#breadcrumb\"},\"inLanguage\":\"en-US\",\"potentialAction\":[{\"@type\":\"ReadAction\",\"target\":[\"https:\/\/maquilaplastico.com\/politica-de-privacidad\/\"]}]},{\"@type\":\"BreadcrumbList\",\"@id\":\"https:\/\/maquilaplastico.com\/politica-de-privacidad\/#breadcrumb\",\"itemListElement\":[{\"@type\":\"ListItem\",\"position\":1,\"name\":\"Inicio\",\"item\":\"https:\/\/maquilaplastico.com\/\"},{\"@type\":\"ListItem\",\"position\":2,\"name\":\"Pol\u00edtica de privacidad\"}]},{\"@type\":\"WebSite\",\"@id\":\"https:\/\/maquilaplastico.com\/#website\",\"url\":\"https:\/\/maquilaplastico.com\/\",\"name\":\"Maquiplast\",\"description\":\"Maquila Pl\u00e1stico\",\"publisher\":{\"@id\":\"https:\/\/maquilaplastico.com\/#organization\"},\"potentialAction\":[{\"@type\":\"SearchAction\",\"target\":{\"@type\":\"EntryPoint\",\"urlTemplate\":\"https:\/\/maquilaplastico.com\/?s={search_term_string}\"},\"query-input\":{\"@type\":\"PropertyValueSpecification\",\"valueRequired\":true,\"valueName\":\"search_term_string\"}}],\"inLanguage\":\"en-US\"},{\"@type\":\"Organization\",\"@id\":\"https:\/\/maquilaplastico.com\/#organization\",\"name\":\"Maquila Pl\u00e1stico\",\"url\":\"https:\/\/maquilaplastico.com\/\",\"logo\":{\"@type\":\"ImageObject\",\"inLanguage\":\"en-US\",\"@id\":\"https:\/\/maquilaplastico.com\/#\/schema\/logo\/image\/\",\"url\":\"https:\/\/maquilaplastico.com\/wp-content\/uploads\/2020\/04\/GM-logo-header.png\",\"contentUrl\":\"https:\/\/maquilaplastico.com\/wp-content\/uploads\/2020\/04\/GM-logo-header.png\",\"width\":132,\"height\":135,\"caption\":\"Maquila Pl\u00e1stico\"},\"image\":{\"@id\":\"https:\/\/maquilaplastico.com\/#\/schema\/logo\/image\/\"},\"sameAs\":[\"https:\/\/www.facebook.com\/gmpowerjet\/\",\"https:\/\/www.instagram.com\/gmanufacturermx\/?hl=es-la\"]}]}<\/script>\n<!-- \/ Yoast SEO plugin. -->","yoast_head_json":{"title":"Pol\u00edtica de privacidad - Maquiplast","robots":{"index":"index","follow":"follow","max-snippet":"max-snippet:-1","max-image-preview":"max-image-preview:large","max-video-preview":"max-video-preview:-1"},"canonical":"https:\/\/maquilaplastico.com\/en\/politica-de-privacidad\/","og_locale":"en_US","og_type":"article","og_title":"Pol\u00edtica de privacidad - Maquiplast","og_description":"Responsable de la protecci\u00f3n de su informaci\u00f3n La p\u00e1gina web &#8220;maquilaplastico.com\u201d es administrada por la denominaci\u00f3n social de GM Manufacturer de M\u00e9xico con el RFC GMM200701T68 y direcci\u00f3n en Amado Nervo 499, Las Liebres, San Pedro Tlaquepaque, Jalisco. La privacidad de nuestros visitantes es de extrema importancia para nosotros. Este documento de pol\u00edtica de privacidad [&hellip;]","og_url":"https:\/\/maquilaplastico.com\/en\/politica-de-privacidad\/","og_site_name":"Maquiplast","article_publisher":"https:\/\/www.facebook.com\/gmpowerjet\/","article_modified_time":"2023-01-29T23:19:07+00:00","twitter_card":"summary_large_image","twitter_misc":{"Est. reading time":"3 minutes"},"schema":{"@context":"https:\/\/schema.org","@graph":[{"@type":"WebPage","@id":"https:\/\/maquilaplastico.com\/politica-de-privacidad\/","url":"https:\/\/maquilaplastico.com\/politica-de-privacidad\/","name":"Pol\u00edtica de privacidad - Maquiplast","isPartOf":{"@id":"https:\/\/maquilaplastico.com\/#website"},"datePublished":"2023-01-29T23:17:34+00:00","dateModified":"2023-01-29T23:19:07+00:00","breadcrumb":{"@id":"https:\/\/maquilaplastico.com\/politica-de-privacidad\/#breadcrumb"},"inLanguage":"en-US","potentialAction":[{"@type":"ReadAction","target":["https:\/\/maquilaplastico.com\/politica-de-privacidad\/"]}]},{"@type":"BreadcrumbList","@id":"https:\/\/maquilaplastico.com\/politica-de-privacidad\/#breadcrumb","itemListElement":[{"@type":"ListItem","position":1,"name":"Inicio","item":"https:\/\/maquilaplastico.com\/"},{"@type":"ListItem","position":2,"name":"Pol\u00edtica de privacidad"}]},{"@type":"WebSite","@id":"https:\/\/maquilaplastico.com\/#website","url":"https:\/\/maquilaplastico.com\/","name":"Maquiplast","description":"Maquila Pl\u00e1stico","publisher":{"@id":"https:\/\/maquilaplastico.com\/#organization"},"potentialAction":[{"@type":"SearchAction","target":{"@type":"EntryPoint","urlTemplate":"https:\/\/maquilaplastico.com\/?s={search_term_string}"},"query-input":{"@type":"PropertyValueSpecification","valueRequired":true,"valueName":"search_term_string"}}],"inLanguage":"en-US"},{"@type":"Organization","@id":"https:\/\/maquilaplastico.com\/#organization","name":"Maquila Pl\u00e1stico","url":"https:\/\/maquilaplastico.com\/","logo":{"@type":"ImageObject","inLanguage":"en-US","@id":"https:\/\/maquilaplastico.com\/#\/schema\/logo\/image\/","url":"https:\/\/maquilaplastico.com\/wp-content\/uploads\/2020\/04\/GM-logo-header.png","contentUrl":"https:\/\/maquilaplastico.com\/wp-content\/uploads\/2020\/04\/GM-logo-header.png","width":132,"height":135,"caption":"Maquila Pl\u00e1stico"},"image":{"@id":"https:\/\/maquilaplastico.com\/#\/schema\/logo\/image\/"},"sameAs":["https:\/\/www.facebook.com\/gmpowerjet\/","https:\/\/www.instagram.com\/gmanufacturermx\/?hl=es-la"]}]}},"_links":{"self":[{"href":"https:\/\/maquilaplastico.com\/en\/wp-json\/wp\/v2\/pages\/5087","targetHints":{"allow":["GET"]}}],"collection":[{"href":"https:\/\/maquilaplastico.com\/en\/wp-json\/wp\/v2\/pages"}],"about":[{"href":"https:\/\/maquilaplastico.com\/en\/wp-json\/wp\/v2\/types\/page"}],"author":[{"embeddable":true,"href":"https:\/\/maquilaplastico.com\/en\/wp-json\/wp\/v2\/users\/1"}],"replies":[{"embeddable":true,"href":"https:\/\/maquilaplastico.com\/en\/wp-json\/wp\/v2\/comments?post=5087"}],"version-history":[{"count":5,"href":"https:\/\/maquilaplastico.com\/en\/wp-json\/wp\/v2\/pages\/5087\/revisions"}],"predecessor-version":[{"id":5092,"href":"https:\/\/maquilaplastico.com\/en\/wp-json\/wp\/v2\/pages\/5087\/revisions\/5092"}],"wp:attachment":[{"href":"https:\/\/maquilaplastico.com\/en\/wp-json\/wp\/v2\/media?parent=5087"}],"curies":[{"name":"wp","href":"https:\/\/api.w.org\/{rel}","templated":true}]}}