{"id":5104,"date":"2023-01-29T17:27:55","date_gmt":"2023-01-29T23:27:55","guid":{"rendered":"https:\/\/maquilaplastico.com\/?page_id=5104"},"modified":"2023-01-29T17:29:11","modified_gmt":"2023-01-29T23:29:11","slug":"descargo-de-responsabilidad","status":"publish","type":"page","link":"https:\/\/maquilaplastico.com\/en\/descargo-de-responsabilidad\/","title":{"rendered":"Descargo de responsabilidad"},"content":{"rendered":"<div data-elementor-type=\"wp-page\" data-elementor-id=\"5104\" class=\"elementor elementor-5104\">\n\t\t\t\t\t\t<section class=\"elementor-section elementor-top-section elementor-element elementor-element-78b47bc4 elementor-section-boxed elementor-section-height-default elementor-section-height-default\" data-id=\"78b47bc4\" data-element_type=\"section\">\n\t\t\t\t\t\t<div class=\"elementor-container elementor-column-gap-default\">\n\t\t\t\t\t<div class=\"elementor-column elementor-col-100 elementor-top-column elementor-element elementor-element-6221492b ot-flex-column-vertical\" data-id=\"6221492b\" data-element_type=\"column\">\n\t\t\t<div class=\"elementor-widget-wrap elementor-element-populated\">\n\t\t\t\t\t\t<div class=\"elementor-element elementor-element-3381c053 elementor-widget elementor-widget-text-editor\" data-id=\"3381c053\" data-element_type=\"widget\" data-widget_type=\"text-editor.default\">\n\t\t\t\t<div class=\"elementor-widget-container\">\n\t\t\t\t\t\t\t\t\t<p>The information contained on this website is for general information purposes only. The online store maquilaplastico.com is managed by the company name of GM Manufacturer de M\u00e9xico with the RFC GMM200701T68 and address at Amado Nervo 499, Las Liebres, San Pedro Tlaquepaque, Jalisco, provides the information although we strive to keep the information updated and correct, we make no representations or warranties of any kind, express or implied, about the completeness, accuracy, reliability, suitability or availability concerning the website or the information, products, services or related graphics contained on the website for any purpose. Therefore, any reliance you place on such information is strictly at your own risk.<\/p><p>In no event shall we be liable for any loss or damage, including without limitation indirect or consequential loss or damage, or any loss or damage arising from loss of data or profits arising out of or in connection with the use of this website.<\/p><p>Through this website, you can link to other websites that are not under the control of maquilaplastico.com. We have no control over the nature, content, and availability of those sites. The inclusion of any link does not necessarily imply a recommendation or endorse the views expressed in them.<\/p><p>Every effort is made to keep the website running smoothly. However, maquilaplastico.com is not responsible and will not be responsible for the website being temporarily unavailable due to technical problems beyond our control.<\/p>\t\t\t\t\t\t\t\t<\/div>\n\t\t\t\t<\/div>\n\t\t\t\t\t<\/div>\n\t\t<\/div>\n\t\t\t\t\t<\/div>\n\t\t<\/section>\n\t\t\t\t<\/div>","protected":false},"excerpt":{"rendered":"<p>La informaci\u00f3n contenida en este sitio web es solo para fines de informaci\u00f3n general. La tienda online maquilaplastico.com es administrada por la denominaci\u00f3n social de GM Manufacturer de M\u00e9xico con el RFC GMM200701T68 y direcci\u00f3n en Amado Nervo 499, Las Liebres, San Pedro Tlaquepaque, Jalisco, proporciona la informaci\u00f3n y aunque nos esforzamos por mantener la [&hellip;]<\/p>","protected":false},"author":1,"featured_media":0,"parent":0,"menu_order":0,"comment_status":"closed","ping_status":"closed","template":"","meta":{"footnotes":""},"class_list":["post-5104","page","type-page","status-publish","hentry"],"yoast_head":"<!-- This site is optimized with the Yoast SEO plugin v25.3 - https:\/\/yoast.com\/wordpress\/plugins\/seo\/ -->\n<title>Descargo de responsabilidad - Maquiplast<\/title>\n<meta name=\"robots\" content=\"index, follow, max-snippet:-1, max-image-preview:large, max-video-preview:-1\" \/>\n<link rel=\"canonical\" href=\"https:\/\/maquilaplastico.com\/en\/descargo-de-responsabilidad\/\" \/>\n<meta property=\"og:locale\" content=\"en_US\" \/>\n<meta property=\"og:type\" content=\"article\" \/>\n<meta property=\"og:title\" content=\"Descargo de responsabilidad - Maquiplast\" \/>\n<meta property=\"og:description\" content=\"La informaci\u00f3n contenida en este sitio web es solo para fines de informaci\u00f3n general. La tienda online maquilaplastico.com es administrada por la denominaci\u00f3n social de GM Manufacturer de M\u00e9xico con el RFC GMM200701T68 y direcci\u00f3n en Amado Nervo 499, Las Liebres, San Pedro Tlaquepaque, Jalisco, proporciona la informaci\u00f3n y aunque nos esforzamos por mantener la [&hellip;]\" \/>\n<meta property=\"og:url\" content=\"https:\/\/maquilaplastico.com\/en\/descargo-de-responsabilidad\/\" \/>\n<meta property=\"og:site_name\" content=\"Maquiplast\" \/>\n<meta property=\"article:publisher\" content=\"https:\/\/www.facebook.com\/gmpowerjet\/\" \/>\n<meta property=\"article:modified_time\" content=\"2023-01-29T23:29:11+00:00\" \/>\n<meta name=\"twitter:card\" content=\"summary_large_image\" \/>\n<meta name=\"twitter:label1\" content=\"Est. reading time\" \/>\n\t<meta name=\"twitter:data1\" content=\"1 minute\" \/>\n<script type=\"application\/ld+json\" class=\"yoast-schema-graph\">{\"@context\":\"https:\/\/schema.org\",\"@graph\":[{\"@type\":\"WebPage\",\"@id\":\"https:\/\/maquilaplastico.com\/descargo-de-responsabilidad\/\",\"url\":\"https:\/\/maquilaplastico.com\/descargo-de-responsabilidad\/\",\"name\":\"Descargo de responsabilidad - Maquiplast\",\"isPartOf\":{\"@id\":\"https:\/\/maquilaplastico.com\/#website\"},\"datePublished\":\"2023-01-29T23:27:55+00:00\",\"dateModified\":\"2023-01-29T23:29:11+00:00\",\"breadcrumb\":{\"@id\":\"https:\/\/maquilaplastico.com\/descargo-de-responsabilidad\/#breadcrumb\"},\"inLanguage\":\"en-US\",\"potentialAction\":[{\"@type\":\"ReadAction\",\"target\":[\"https:\/\/maquilaplastico.com\/descargo-de-responsabilidad\/\"]}]},{\"@type\":\"BreadcrumbList\",\"@id\":\"https:\/\/maquilaplastico.com\/descargo-de-responsabilidad\/#breadcrumb\",\"itemListElement\":[{\"@type\":\"ListItem\",\"position\":1,\"name\":\"Inicio\",\"item\":\"https:\/\/maquilaplastico.com\/\"},{\"@type\":\"ListItem\",\"position\":2,\"name\":\"Descargo de responsabilidad\"}]},{\"@type\":\"WebSite\",\"@id\":\"https:\/\/maquilaplastico.com\/#website\",\"url\":\"https:\/\/maquilaplastico.com\/\",\"name\":\"Maquiplast\",\"description\":\"Maquila Pl\u00e1stico\",\"publisher\":{\"@id\":\"https:\/\/maquilaplastico.com\/#organization\"},\"potentialAction\":[{\"@type\":\"SearchAction\",\"target\":{\"@type\":\"EntryPoint\",\"urlTemplate\":\"https:\/\/maquilaplastico.com\/?s={search_term_string}\"},\"query-input\":{\"@type\":\"PropertyValueSpecification\",\"valueRequired\":true,\"valueName\":\"search_term_string\"}}],\"inLanguage\":\"en-US\"},{\"@type\":\"Organization\",\"@id\":\"https:\/\/maquilaplastico.com\/#organization\",\"name\":\"Maquila Pl\u00e1stico\",\"url\":\"https:\/\/maquilaplastico.com\/\",\"logo\":{\"@type\":\"ImageObject\",\"inLanguage\":\"en-US\",\"@id\":\"https:\/\/maquilaplastico.com\/#\/schema\/logo\/image\/\",\"url\":\"https:\/\/maquilaplastico.com\/wp-content\/uploads\/2020\/04\/GM-logo-header.png\",\"contentUrl\":\"https:\/\/maquilaplastico.com\/wp-content\/uploads\/2020\/04\/GM-logo-header.png\",\"width\":132,\"height\":135,\"caption\":\"Maquila Pl\u00e1stico\"},\"image\":{\"@id\":\"https:\/\/maquilaplastico.com\/#\/schema\/logo\/image\/\"},\"sameAs\":[\"https:\/\/www.facebook.com\/gmpowerjet\/\",\"https:\/\/www.instagram.com\/gmanufacturermx\/?hl=es-la\"]}]}<\/script>\n<!-- \/ Yoast SEO plugin. -->","yoast_head_json":{"title":"Descargo de responsabilidad - Maquiplast","robots":{"index":"index","follow":"follow","max-snippet":"max-snippet:-1","max-image-preview":"max-image-preview:large","max-video-preview":"max-video-preview:-1"},"canonical":"https:\/\/maquilaplastico.com\/en\/descargo-de-responsabilidad\/","og_locale":"en_US","og_type":"article","og_title":"Descargo de responsabilidad - Maquiplast","og_description":"La informaci\u00f3n contenida en este sitio web es solo para fines de informaci\u00f3n general. La tienda online maquilaplastico.com es administrada por la denominaci\u00f3n social de GM Manufacturer de M\u00e9xico con el RFC GMM200701T68 y direcci\u00f3n en Amado Nervo 499, Las Liebres, San Pedro Tlaquepaque, Jalisco, proporciona la informaci\u00f3n y aunque nos esforzamos por mantener la [&hellip;]","og_url":"https:\/\/maquilaplastico.com\/en\/descargo-de-responsabilidad\/","og_site_name":"Maquiplast","article_publisher":"https:\/\/www.facebook.com\/gmpowerjet\/","article_modified_time":"2023-01-29T23:29:11+00:00","twitter_card":"summary_large_image","twitter_misc":{"Est. reading time":"1 minute"},"schema":{"@context":"https:\/\/schema.org","@graph":[{"@type":"WebPage","@id":"https:\/\/maquilaplastico.com\/descargo-de-responsabilidad\/","url":"https:\/\/maquilaplastico.com\/descargo-de-responsabilidad\/","name":"Descargo de responsabilidad - Maquiplast","isPartOf":{"@id":"https:\/\/maquilaplastico.com\/#website"},"datePublished":"2023-01-29T23:27:55+00:00","dateModified":"2023-01-29T23:29:11+00:00","breadcrumb":{"@id":"https:\/\/maquilaplastico.com\/descargo-de-responsabilidad\/#breadcrumb"},"inLanguage":"en-US","potentialAction":[{"@type":"ReadAction","target":["https:\/\/maquilaplastico.com\/descargo-de-responsabilidad\/"]}]},{"@type":"BreadcrumbList","@id":"https:\/\/maquilaplastico.com\/descargo-de-responsabilidad\/#breadcrumb","itemListElement":[{"@type":"ListItem","position":1,"name":"Inicio","item":"https:\/\/maquilaplastico.com\/"},{"@type":"ListItem","position":2,"name":"Descargo de responsabilidad"}]},{"@type":"WebSite","@id":"https:\/\/maquilaplastico.com\/#website","url":"https:\/\/maquilaplastico.com\/","name":"Maquiplast","description":"Maquila Pl\u00e1stico","publisher":{"@id":"https:\/\/maquilaplastico.com\/#organization"},"potentialAction":[{"@type":"SearchAction","target":{"@type":"EntryPoint","urlTemplate":"https:\/\/maquilaplastico.com\/?s={search_term_string}"},"query-input":{"@type":"PropertyValueSpecification","valueRequired":true,"valueName":"search_term_string"}}],"inLanguage":"en-US"},{"@type":"Organization","@id":"https:\/\/maquilaplastico.com\/#organization","name":"Maquila Pl\u00e1stico","url":"https:\/\/maquilaplastico.com\/","logo":{"@type":"ImageObject","inLanguage":"en-US","@id":"https:\/\/maquilaplastico.com\/#\/schema\/logo\/image\/","url":"https:\/\/maquilaplastico.com\/wp-content\/uploads\/2020\/04\/GM-logo-header.png","contentUrl":"https:\/\/maquilaplastico.com\/wp-content\/uploads\/2020\/04\/GM-logo-header.png","width":132,"height":135,"caption":"Maquila Pl\u00e1stico"},"image":{"@id":"https:\/\/maquilaplastico.com\/#\/schema\/logo\/image\/"},"sameAs":["https:\/\/www.facebook.com\/gmpowerjet\/","https:\/\/www.instagram.com\/gmanufacturermx\/?hl=es-la"]}]}},"_links":{"self":[{"href":"https:\/\/maquilaplastico.com\/en\/wp-json\/wp\/v2\/pages\/5104","targetHints":{"allow":["GET"]}}],"collection":[{"href":"https:\/\/maquilaplastico.com\/en\/wp-json\/wp\/v2\/pages"}],"about":[{"href":"https:\/\/maquilaplastico.com\/en\/wp-json\/wp\/v2\/types\/page"}],"author":[{"embeddable":true,"href":"https:\/\/maquilaplastico.com\/en\/wp-json\/wp\/v2\/users\/1"}],"replies":[{"embeddable":true,"href":"https:\/\/maquilaplastico.com\/en\/wp-json\/wp\/v2\/comments?post=5104"}],"version-history":[{"count":4,"href":"https:\/\/maquilaplastico.com\/en\/wp-json\/wp\/v2\/pages\/5104\/revisions"}],"predecessor-version":[{"id":5108,"href":"https:\/\/maquilaplastico.com\/en\/wp-json\/wp\/v2\/pages\/5104\/revisions\/5108"}],"wp:attachment":[{"href":"https:\/\/maquilaplastico.com\/en\/wp-json\/wp\/v2\/media?parent=5104"}],"curies":[{"name":"wp","href":"https:\/\/api.w.org\/{rel}","templated":true}]}}